{"id":18882,"date":"2022-02-23T04:02:10","date_gmt":"2022-02-23T04:02:10","guid":{"rendered":"https:\/\/riad-dar-one.com\/?page_id=18882"},"modified":"2022-02-23T04:13:29","modified_gmt":"2022-02-23T04:13:29","slug":"conditions-generales-reservation","status":"publish","type":"page","link":"https:\/\/riad-dar-one.com\/fr\/conditions-generales-reservation\/","title":{"rendered":"Conditions g\u00e9n\u00e9rales de r\u00e9servation &#8211; FAQ"},"content":{"rendered":"\t\t<div data-elementor-type=\"wp-page\" data-elementor-id=\"18882\" class=\"elementor elementor-18882\" data-elementor-post-type=\"page\">\n\t\t\t\t\t\t<section class=\"elementor-section elementor-top-section elementor-element elementor-element-233d6d71 elementor-section-full_width elementor-section-height-default elementor-section-height-default qodef-elementor-content-no\" data-id=\"233d6d71\" data-element_type=\"section\">\n\t\t\t\t\t\t<div class=\"elementor-container elementor-column-gap-default\">\n\t\t\t\t\t<div class=\"elementor-column elementor-col-100 elementor-top-column elementor-element elementor-element-3d6f91ab\" data-id=\"3d6f91ab\" data-element_type=\"column\">\n\t\t\t<div class=\"elementor-widget-wrap elementor-element-populated\">\n\t\t\t\t\t\t<div class=\"elementor-element elementor-element-3ca6186 elementor-widget elementor-widget-heading\" data-id=\"3ca6186\" data-element_type=\"widget\" data-widget_type=\"heading.default\">\n\t\t\t\t<div class=\"elementor-widget-container\">\n\t\t\t<h4 class=\"elementor-heading-title elementor-size-default\">RIAD DAR ONE - Chez Sophie<\/h4>\t\t<\/div>\n\t\t\t\t<\/div>\n\t\t\t\t<div class=\"elementor-element elementor-element-5a1de46 sstitremg224 elementor-widget elementor-widget-heading\" data-id=\"5a1de46\" data-element_type=\"widget\" data-widget_type=\"heading.default\">\n\t\t\t\t<div class=\"elementor-widget-container\">\n\t\t\t<h3 class=\"elementor-heading-title elementor-size-default\">PAGE EN MAINTENANCE<\/h3>\t\t<\/div>\n\t\t\t\t<\/div>\n\t\t\t\t<div class=\"elementor-element elementor-element-22758902 sstitremg223 elementor-widget elementor-widget-text-editor\" data-id=\"22758902\" data-element_type=\"widget\" data-widget_type=\"text-editor.default\">\n\t\t\t\t<div class=\"elementor-widget-container\">\n\t\t\t\t\t\t\t<p>Afin d\u2019am\u00e9liorer nos services, cette page est momentan\u00e9ment indisponible. Veuillez nous excuser pour la g\u00eane occasionn\u00e9e.<\/p>\t\t\t\t\t\t<\/div>\n\t\t\t\t<\/div>\n\t\t\t\t\t<\/div>\n\t\t<\/div>\n\t\t\t\t\t<\/div>\n\t\t<\/section>\n\t\t\t\t<section class=\"elementor-section elementor-top-section elementor-element elementor-element-5b58807f elementor-section-full_width elementor-section-height-min-height elementor-section-height-default elementor-section-items-middle qodef-elementor-content-no\" data-id=\"5b58807f\" data-element_type=\"section\" data-settings=\"{&quot;background_background&quot;:&quot;classic&quot;}\">\n\t\t\t\t\t\t\t<div class=\"elementor-background-overlay\"><\/div>\n\t\t\t\t\t\t\t<div class=\"elementor-container elementor-column-gap-default\">\n\t\t\t\t\t<div class=\"elementor-column elementor-col-100 elementor-top-column elementor-element elementor-element-2fe5a25b\" data-id=\"2fe5a25b\" data-element_type=\"column\">\n\t\t\t<div class=\"elementor-widget-wrap elementor-element-populated\">\n\t\t\t\t\t\t<div class=\"elementor-element elementor-element-2af27b1b sstitremg224 elementor-widget elementor-widget-heading\" data-id=\"2af27b1b\" data-element_type=\"widget\" data-widget_type=\"heading.default\">\n\t\t\t\t<div class=\"elementor-widget-container\">\n\t\t\t<h3 class=\"elementor-heading-title elementor-size-default\">Commencez votre voyage<\/h3>\t\t<\/div>\n\t\t\t\t<\/div>\n\t\t\t\t<div class=\"elementor-element elementor-element-594f881f sstitremg224 elementor-widget elementor-widget-text-editor\" data-id=\"594f881f\" data-element_type=\"widget\" data-widget_type=\"text-editor.default\">\n\t\t\t\t<div class=\"elementor-widget-container\">\n\t\t\t\t\t\t\t<p>R\u00e9servez votre s\u00e9jour directement avec les meilleurs tarifs disponibles<\/p>\t\t\t\t\t\t<\/div>\n\t\t\t\t<\/div>\n\t\t\t\t<div class=\"elementor-element elementor-element-253212a9 elementor-align-center open-searchbox-01 elementor-widget elementor-widget-button\" data-id=\"253212a9\" data-element_type=\"widget\" data-widget_type=\"button.default\">\n\t\t\t\t<div class=\"elementor-widget-container\">\n\t\t\t\t\t<div class=\"elementor-button-wrapper\">\n\t\t\t<a class=\"elementor-button elementor-button-link elementor-size-sm\" href=\"#\" id=\"open-searchbox-01\">\n\t\t\t\t\t\t<span class=\"elementor-button-content-wrapper\">\n\t\t\t\t\t\t<span class=\"elementor-button-text\">R\u00e9server en ligne<\/span>\n\t\t<\/span>\n\t\t\t\t\t<\/a>\n\t\t<\/div>\n\t\t\t\t<\/div>\n\t\t\t\t<\/div>\n\t\t\t\t\t<\/div>\n\t\t<\/div>\n\t\t\t\t\t<\/div>\n\t\t<\/section>\n\t\t\t\t<\/div>\n\t\t","protected":false},"excerpt":{"rendered":"<p>RIAD DAR ONE &#8211; Chez Sophie PAGE EN MAINTENANCE Afin d\u2019am\u00e9liorer nos services, cette page est momentan\u00e9ment indisponible. Veuillez nous excuser pour la g\u00eane occasionn\u00e9e. Commencez votre voyage R\u00e9servez votre s\u00e9jour directement avec les meilleurs tarifs disponibles R\u00e9server en ligne<\/p>\n","protected":false},"author":2,"featured_media":0,"parent":0,"menu_order":0,"comment_status":"closed","ping_status":"closed","template":"","meta":{"_monsterinsights_skip_tracking":false,"_monsterinsights_sitenote_active":false,"_monsterinsights_sitenote_note":"","_monsterinsights_sitenote_category":0,"footnotes":""},"aioseo_notices":[],"_links":{"self":[{"href":"https:\/\/riad-dar-one.com\/fr\/wp-json\/wp\/v2\/pages\/18882"}],"collection":[{"href":"https:\/\/riad-dar-one.com\/fr\/wp-json\/wp\/v2\/pages"}],"about":[{"href":"https:\/\/riad-dar-one.com\/fr\/wp-json\/wp\/v2\/types\/page"}],"author":[{"embeddable":true,"href":"https:\/\/riad-dar-one.com\/fr\/wp-json\/wp\/v2\/users\/2"}],"replies":[{"embeddable":true,"href":"https:\/\/riad-dar-one.com\/fr\/wp-json\/wp\/v2\/comments?post=18882"}],"version-history":[{"count":4,"href":"https:\/\/riad-dar-one.com\/fr\/wp-json\/wp\/v2\/pages\/18882\/revisions"}],"predecessor-version":[{"id":18907,"href":"https:\/\/riad-dar-one.com\/fr\/wp-json\/wp\/v2\/pages\/18882\/revisions\/18907"}],"wp:attachment":[{"href":"https:\/\/riad-dar-one.com\/fr\/wp-json\/wp\/v2\/media?parent=18882"}],"curies":[{"name":"wp","href":"https:\/\/api.w.org\/{rel}","templated":true}]}}